{"id":76621,"date":"2025-04-04T19:43:47","date_gmt":"2025-04-04T17:43:47","guid":{"rendered":"https:\/\/2touch.proper.media\/product\/touro-power-creme\/"},"modified":"2025-07-03T15:33:17","modified_gmt":"2025-07-03T13:33:17","slug":"orgie-touro-power-cream","status":"publish","type":"product","link":"https:\/\/2touch.shop\/nl\/product\/orgie-touro-power-cream\/","title":{"rendered":"Orgie \u2013 Touro  Power Cream"},"content":{"rendered":"<p>Kracht. Energie. Uithoudingsvermogen.<\/p>\n<p><strong>Touro Power Cream<\/strong> is een krachtige stimulerende cr\u00e8me speciaal ontwikkeld voor mannen die hun seksuele prestaties willen ondersteunen. De formule combineert natuurlijke ingredi\u00ebnten die zorgen voor een verwarmend en licht tintelend effect, met als doel een verbeterende doorbloeding, meer gevoeligheid en extra uithoudingsvermogen.<\/p>\n<p>Gebruik het v\u00f3\u00f3r seksuele activiteit voor een intensere beleving \u2013 alleen of met je partner.<\/p>\n<p>Touro is een erectiebevorderende cr\u00e8me geformuleerd met Taurine en Ginkgo Biloba, beide natuurlijke actieve ingredi\u00ebnten die werken als vaatverwijdende middelen, en ginseng waarvan bekend is dat het een effectief afrodisiacum is dat al eeuwenlang wordt gebruikt in China en andere oosterse landen. Touro zorgt voor gemakkelijkere en stijvere erecties, wat resulteert in de grootste opwinding en genot voor mannen.<\/p>\n<p><strong>Waarom je dit wilt:<\/strong><\/p>\n<ul>\n<li>Stimulerende werking voor de penis<\/li>\n<li>Ondersteunt erectiekwaliteit en gevoeligheid<\/li>\n<li>Met subtiele warmte \u2013 en tintel sensatie<\/li>\n<li>100% natuurlijk &amp; dermatologisch getest<\/li>\n<li>Compact formaat \u2013 ideaal voor discreet gebruik<\/li>\n<\/ul>\n<p><strong>Voor mannen die krachtig willen presteren, keer op keer.<\/strong><\/p>\n","protected":false},"excerpt":{"rendered":"<p><strong>\ud83d\udd25 Orgie \u2013 Touro Power Cream.\u00a0<\/strong>Kracht. Uithoudingsvermogen. Sensatie. Touro Power Cream is d\u00e9 stimulerende cr\u00e8me voor wie zijn seksuele kracht en plezier wil boosten. Met natuurlijke ingredi\u00ebnten die een heerlijk warm en licht prikkelend gevoel geven om de doorbloeding, gevoeligheid \u00e9n uithoudingsvermogen te verbeteren. Breng aan v\u00f3\u00f3r het avontuur, solo of met je partner, en voel hoe je begeerte en prestaties naar een hoger niveau stijgen. Stevige, langdurige erecties en maximale opwinding. Voor mannen die meer willen presteren \u2013 en meer willen voelen.<\/p>\n<p><strong>\ud83d\udc49 Bestel NU en ontsteek je verlangen \u2013 verleid, voel je kracht en begeer harder dan ooit! \ud83d\uded2<\/strong><\/p>\n","protected":false},"featured_media":69434,"template":"","meta":{"_et_pb_use_builder":"","_et_pb_old_content":"","_et_gb_content_width":"","bwfblock_default_font":""},"product_brand":[1903],"product_cat":[1486,1683,1682,1477],"product_tag":[],"class_list":{"0":"post-76621","1":"product","2":"type-product","3":"status-publish","4":"has-post-thumbnail","6":"product_brand-orgie","7":"product_cat-apotheek","8":"product_cat-lust-stimulerende-middelen-nl","9":"product_cat-penis-cremes-nl","10":"product_cat-voor-hem","12":"first","13":"instock","14":"purchasable","15":"product-type-simple"},"yoast_head":"<!-- This site is optimized with the Yoast SEO plugin v27.4 - https:\/\/yoast.com\/product\/yoast-seo-wordpress\/ -->\n<title>Orgie \u2013 Touro Power Cream - 2Touch<\/title>\n<meta name=\"robots\" content=\"index, follow, max-snippet:-1, max-image-preview:large, max-video-preview:-1\" \/>\n<link rel=\"canonical\" href=\"https:\/\/2touch.shop\/nl\/product\/orgie-touro-power-cream\/\" \/>\n<meta property=\"og:locale\" content=\"nl_NL\" \/>\n<meta property=\"og:type\" content=\"article\" \/>\n<meta property=\"og:title\" content=\"Orgie \u2013 Touro Power Cream - 2Touch\" \/>\n<meta property=\"og:description\" content=\"\ud83d\udd25 Orgie \u2013 Touro Power Cream.\u00a0Kracht. Uithoudingsvermogen. Sensatie. Touro Power Cream is d\u00e9 stimulerende cr\u00e8me voor wie zijn seksuele kracht en plezier wil boosten. Met natuurlijke ingredi\u00ebnten die een heerlijk warm en licht prikkelend gevoel geven om de doorbloeding, gevoeligheid \u00e9n uithoudingsvermogen te verbeteren. Breng aan v\u00f3\u00f3r het avontuur, solo of met je partner, en voel hoe je begeerte en prestaties naar een hoger niveau stijgen. Stevige, langdurige erecties en maximale opwinding. Voor mannen die meer willen presteren - en meer willen voelen.  \ud83d\udc49 Bestel NU en ontsteek je verlangen - verleid, voel je kracht en begeer harder dan ooit! \ud83d\uded2\" \/>\n<meta property=\"og:url\" content=\"https:\/\/2touch.shop\/nl\/product\/orgie-touro-power-cream\/\" \/>\n<meta property=\"og:site_name\" content=\"2Touch\" \/>\n<meta property=\"article:modified_time\" content=\"2025-07-03T13:33:17+00:00\" \/>\n<meta property=\"og:image\" content=\"https:\/\/2touch.shop\/wp-content\/uploads\/2025\/04\/Touro.png\" \/>\n\t<meta property=\"og:image:width\" content=\"1800\" \/>\n\t<meta property=\"og:image:height\" content=\"1800\" \/>\n\t<meta property=\"og:image:type\" content=\"image\/png\" \/>\n<meta name=\"twitter:card\" content=\"summary_large_image\" \/>\n<meta name=\"twitter:label1\" content=\"Geschatte leestijd\" \/>\n\t<meta name=\"twitter:data1\" content=\"1 minuut\" \/>\n<script type=\"application\/ld+json\" class=\"yoast-schema-graph\">{\"@context\":\"https:\\\/\\\/schema.org\",\"@graph\":[{\"@type\":\"WebPage\",\"@id\":\"https:\\\/\\\/2touch.shop\\\/nl\\\/product\\\/orgie-touro-power-cream\\\/\",\"url\":\"https:\\\/\\\/2touch.shop\\\/nl\\\/product\\\/orgie-touro-power-cream\\\/\",\"name\":\"Orgie \u2013 Touro Power Cream - 2Touch\",\"isPartOf\":{\"@id\":\"https:\\\/\\\/2touch.shop\\\/nl\\\/#website\"},\"primaryImageOfPage\":{\"@id\":\"https:\\\/\\\/2touch.shop\\\/nl\\\/product\\\/orgie-touro-power-cream\\\/#primaryimage\"},\"image\":{\"@id\":\"https:\\\/\\\/2touch.shop\\\/nl\\\/product\\\/orgie-touro-power-cream\\\/#primaryimage\"},\"thumbnailUrl\":\"https:\\\/\\\/2touch.shop\\\/wp-content\\\/uploads\\\/2025\\\/04\\\/Touro.png\",\"datePublished\":\"2025-04-04T17:43:47+00:00\",\"dateModified\":\"2025-07-03T13:33:17+00:00\",\"breadcrumb\":{\"@id\":\"https:\\\/\\\/2touch.shop\\\/nl\\\/product\\\/orgie-touro-power-cream\\\/#breadcrumb\"},\"inLanguage\":\"nl-NL\",\"potentialAction\":[{\"@type\":\"ReadAction\",\"target\":[\"https:\\\/\\\/2touch.shop\\\/nl\\\/product\\\/orgie-touro-power-cream\\\/\"]}]},{\"@type\":\"ImageObject\",\"inLanguage\":\"nl-NL\",\"@id\":\"https:\\\/\\\/2touch.shop\\\/nl\\\/product\\\/orgie-touro-power-cream\\\/#primaryimage\",\"url\":\"https:\\\/\\\/2touch.shop\\\/wp-content\\\/uploads\\\/2025\\\/04\\\/Touro.png\",\"contentUrl\":\"https:\\\/\\\/2touch.shop\\\/wp-content\\\/uploads\\\/2025\\\/04\\\/Touro.png\",\"width\":1800,\"height\":1800},{\"@type\":\"BreadcrumbList\",\"@id\":\"https:\\\/\\\/2touch.shop\\\/nl\\\/product\\\/orgie-touro-power-cream\\\/#breadcrumb\",\"itemListElement\":[{\"@type\":\"ListItem\",\"position\":1,\"name\":\"Home\",\"item\":\"https:\\\/\\\/2touch.shop\\\/nl\\\/\"},{\"@type\":\"ListItem\",\"position\":2,\"name\":\"Winkel\",\"item\":\"https:\\\/\\\/2touch.shop\\\/nl\\\/winkel-2\\\/\"},{\"@type\":\"ListItem\",\"position\":3,\"name\":\"Orgie \u2013 Touro Power Cream\"}]},{\"@type\":\"WebSite\",\"@id\":\"https:\\\/\\\/2touch.shop\\\/nl\\\/#website\",\"url\":\"https:\\\/\\\/2touch.shop\\\/nl\\\/\",\"name\":\"2Touch\",\"description\":\"Where sexual wellness and pleasure meet\",\"publisher\":{\"@id\":\"https:\\\/\\\/2touch.shop\\\/nl\\\/#organization\"},\"potentialAction\":[{\"@type\":\"SearchAction\",\"target\":{\"@type\":\"EntryPoint\",\"urlTemplate\":\"https:\\\/\\\/2touch.shop\\\/nl\\\/?s={search_term_string}\"},\"query-input\":{\"@type\":\"PropertyValueSpecification\",\"valueRequired\":true,\"valueName\":\"search_term_string\"}}],\"inLanguage\":\"nl-NL\"},{\"@type\":\"Organization\",\"@id\":\"https:\\\/\\\/2touch.shop\\\/nl\\\/#organization\",\"name\":\"2Touch\",\"url\":\"https:\\\/\\\/2touch.shop\\\/nl\\\/\",\"logo\":{\"@type\":\"ImageObject\",\"inLanguage\":\"nl-NL\",\"@id\":\"https:\\\/\\\/2touch.shop\\\/nl\\\/#\\\/schema\\\/logo\\\/image\\\/\",\"url\":\"https:\\\/\\\/2touch.shop\\\/wp-content\\\/uploads\\\/2025\\\/04\\\/logo-2touch-english-scaled.png\",\"contentUrl\":\"https:\\\/\\\/2touch.shop\\\/wp-content\\\/uploads\\\/2025\\\/04\\\/logo-2touch-english-scaled.png\",\"width\":2048,\"height\":701,\"caption\":\"2Touch\"},\"image\":{\"@id\":\"https:\\\/\\\/2touch.shop\\\/nl\\\/#\\\/schema\\\/logo\\\/image\\\/\"}}]}<\/script>\n<!-- \/ Yoast SEO plugin. -->","yoast_head_json":{"title":"Orgie \u2013 Touro Power Cream - 2Touch","robots":{"index":"index","follow":"follow","max-snippet":"max-snippet:-1","max-image-preview":"max-image-preview:large","max-video-preview":"max-video-preview:-1"},"canonical":"https:\/\/2touch.shop\/nl\/product\/orgie-touro-power-cream\/","og_locale":"nl_NL","og_type":"article","og_title":"Orgie \u2013 Touro Power Cream - 2Touch","og_description":"\ud83d\udd25 Orgie \u2013 Touro Power Cream.\u00a0Kracht. Uithoudingsvermogen. Sensatie. Touro Power Cream is d\u00e9 stimulerende cr\u00e8me voor wie zijn seksuele kracht en plezier wil boosten. Met natuurlijke ingredi\u00ebnten die een heerlijk warm en licht prikkelend gevoel geven om de doorbloeding, gevoeligheid \u00e9n uithoudingsvermogen te verbeteren. Breng aan v\u00f3\u00f3r het avontuur, solo of met je partner, en voel hoe je begeerte en prestaties naar een hoger niveau stijgen. Stevige, langdurige erecties en maximale opwinding. Voor mannen die meer willen presteren - en meer willen voelen.  \ud83d\udc49 Bestel NU en ontsteek je verlangen - verleid, voel je kracht en begeer harder dan ooit! \ud83d\uded2","og_url":"https:\/\/2touch.shop\/nl\/product\/orgie-touro-power-cream\/","og_site_name":"2Touch","article_modified_time":"2025-07-03T13:33:17+00:00","og_image":[{"width":1800,"height":1800,"url":"https:\/\/2touch.shop\/wp-content\/uploads\/2025\/04\/Touro.png","type":"image\/png"}],"twitter_card":"summary_large_image","twitter_misc":{"Geschatte leestijd":"1 minuut"},"schema":{"@context":"https:\/\/schema.org","@graph":[{"@type":"WebPage","@id":"https:\/\/2touch.shop\/nl\/product\/orgie-touro-power-cream\/","url":"https:\/\/2touch.shop\/nl\/product\/orgie-touro-power-cream\/","name":"Orgie \u2013 Touro Power Cream - 2Touch","isPartOf":{"@id":"https:\/\/2touch.shop\/nl\/#website"},"primaryImageOfPage":{"@id":"https:\/\/2touch.shop\/nl\/product\/orgie-touro-power-cream\/#primaryimage"},"image":{"@id":"https:\/\/2touch.shop\/nl\/product\/orgie-touro-power-cream\/#primaryimage"},"thumbnailUrl":"https:\/\/2touch.shop\/wp-content\/uploads\/2025\/04\/Touro.png","datePublished":"2025-04-04T17:43:47+00:00","dateModified":"2025-07-03T13:33:17+00:00","breadcrumb":{"@id":"https:\/\/2touch.shop\/nl\/product\/orgie-touro-power-cream\/#breadcrumb"},"inLanguage":"nl-NL","potentialAction":[{"@type":"ReadAction","target":["https:\/\/2touch.shop\/nl\/product\/orgie-touro-power-cream\/"]}]},{"@type":"ImageObject","inLanguage":"nl-NL","@id":"https:\/\/2touch.shop\/nl\/product\/orgie-touro-power-cream\/#primaryimage","url":"https:\/\/2touch.shop\/wp-content\/uploads\/2025\/04\/Touro.png","contentUrl":"https:\/\/2touch.shop\/wp-content\/uploads\/2025\/04\/Touro.png","width":1800,"height":1800},{"@type":"BreadcrumbList","@id":"https:\/\/2touch.shop\/nl\/product\/orgie-touro-power-cream\/#breadcrumb","itemListElement":[{"@type":"ListItem","position":1,"name":"Home","item":"https:\/\/2touch.shop\/nl\/"},{"@type":"ListItem","position":2,"name":"Winkel","item":"https:\/\/2touch.shop\/nl\/winkel-2\/"},{"@type":"ListItem","position":3,"name":"Orgie \u2013 Touro Power Cream"}]},{"@type":"WebSite","@id":"https:\/\/2touch.shop\/nl\/#website","url":"https:\/\/2touch.shop\/nl\/","name":"2Touch","description":"Where sexual wellness and pleasure meet","publisher":{"@id":"https:\/\/2touch.shop\/nl\/#organization"},"potentialAction":[{"@type":"SearchAction","target":{"@type":"EntryPoint","urlTemplate":"https:\/\/2touch.shop\/nl\/?s={search_term_string}"},"query-input":{"@type":"PropertyValueSpecification","valueRequired":true,"valueName":"search_term_string"}}],"inLanguage":"nl-NL"},{"@type":"Organization","@id":"https:\/\/2touch.shop\/nl\/#organization","name":"2Touch","url":"https:\/\/2touch.shop\/nl\/","logo":{"@type":"ImageObject","inLanguage":"nl-NL","@id":"https:\/\/2touch.shop\/nl\/#\/schema\/logo\/image\/","url":"https:\/\/2touch.shop\/wp-content\/uploads\/2025\/04\/logo-2touch-english-scaled.png","contentUrl":"https:\/\/2touch.shop\/wp-content\/uploads\/2025\/04\/logo-2touch-english-scaled.png","width":2048,"height":701,"caption":"2Touch"},"image":{"@id":"https:\/\/2touch.shop\/nl\/#\/schema\/logo\/image\/"}}]}},"_links":{"self":[{"href":"https:\/\/2touch.shop\/nl\/wp-json\/wp\/v2\/product\/76621","targetHints":{"allow":["GET"]}}],"collection":[{"href":"https:\/\/2touch.shop\/nl\/wp-json\/wp\/v2\/product"}],"about":[{"href":"https:\/\/2touch.shop\/nl\/wp-json\/wp\/v2\/types\/product"}],"wp:featuredmedia":[{"embeddable":true,"href":"https:\/\/2touch.shop\/nl\/wp-json\/wp\/v2\/media\/69434"}],"wp:attachment":[{"href":"https:\/\/2touch.shop\/nl\/wp-json\/wp\/v2\/media?parent=76621"}],"wp:term":[{"taxonomy":"product_brand","embeddable":true,"href":"https:\/\/2touch.shop\/nl\/wp-json\/wp\/v2\/product_brand?post=76621"},{"taxonomy":"product_cat","embeddable":true,"href":"https:\/\/2touch.shop\/nl\/wp-json\/wp\/v2\/product_cat?post=76621"},{"taxonomy":"product_tag","embeddable":true,"href":"https:\/\/2touch.shop\/nl\/wp-json\/wp\/v2\/product_tag?post=76621"}],"curies":[{"name":"wp","href":"https:\/\/api.w.org\/{rel}","templated":true}]}}