{"id":76550,"date":"2025-02-05T15:52:24","date_gmt":"2025-02-05T14:52:24","guid":{"rendered":"https:\/\/2touch.proper.media\/product\/satisfyer-curve-trinity-1-luchtpuls-vibratie-grijs\/"},"modified":"2025-07-01T21:29:46","modified_gmt":"2025-07-01T19:29:46","slug":"satisfyer-curvy-trinity-1-air-pulse-vibrator","status":"publish","type":"product","link":"https:\/\/2touch.shop\/nl\/product\/satisfyer-curvy-trinity-1-air-pulse-vibrator\/","title":{"rendered":"Satisfyer \u2013 Curvy Trinity 1 Air Puls Vibrator"},"content":{"rendered":"<p>Ben je besluiteloos?<\/p>\n<p>De Curvy Trinity 1 functioneert als een luchtpulsstimulator, oplegvibrator en G-spot vibrator, alles in \u00e9\u00e9n!<\/p>\n<p>Gebruik elke functiescheiding en handig. Met een afgeronde schacht is dit product voor zowel beginners als kenners. Navigeer eenvoudig door drie verschillende productfuncties met het gemak dat u slechts \u00e9\u00e9n product nodig heeft. Bedien de 3 motoren met behulp van het intu\u00eftieve bedieningspaneel, met 11 drukgolfintensiteiten en 12 vibratieprogramma&#8217;s die onafhankelijk van elkaar kunnen worden geregeld.<\/p>\n<p>De Curvy Trinity 1 is gemaakt van lichaamsveilige siliconen, is oplaadbaar en waterdicht (IPX7). Koop iets dat alles kan!<\/p>\n<ul>\n<li>Waterbestendig (IPX7).<\/li>\n<li>Gemaakt van medische siliconen.<\/li>\n<li>De programma&#8217;s kunnen afzonderlijk worden aangestuurd.<\/li>\n<li>Materiaal siliconen, ABS-kunststof<\/li>\n<li>Kleur rood<\/li>\n<li>Batterij 1x oplaadbare batterij<\/li>\n<\/ul>\n","protected":false},"excerpt":{"rendered":"<p><strong>Curvy Trinity 1 \u2013 E\u00e9n speeltje \u2013 eindeloze mogelijkheden.<\/strong> De Curvy Trinity 1 is je ultieme alles-in-\u00e9\u00e9n genotsspeeltje: luchtdrukstimulatie, clitorale vibraties en diepe G-spot verwennerij \u2013 alles in \u00e9\u00e9n onweerstaanbaar ontwerp. Of je nu verlangt naar zachte strelingen of intense sensaties, deze krachtpatser past zich aan je stemming aan. Je kunt mixen en matchen voor je perfecte climax. <strong>Perfect voor zorgeloze, intieme zelfzorg.<\/strong><\/p>\n","protected":false},"featured_media":91990,"template":"","meta":{"_et_pb_use_builder":"","_et_pb_old_content":"","_et_gb_content_width":"","bwfblock_default_font":""},"product_brand":[],"product_cat":[1504,1513,1558,1503,1501],"product_tag":[],"class_list":{"0":"post-76550","1":"product","2":"type-product","3":"status-publish","4":"has-post-thumbnail","6":"product_cat-clitoris-vibrators-nl","7":"product_cat-g-spot-vibratoren","8":"product_cat-luchtdruk-vibratoren","9":"product_cat-vibrators-nl-2","10":"product_cat-voor-haar","11":"product_shipping_class-dreamlove-shipping-nl","12":"pa_color-grijs","13":"pa_color-gris-nl","14":"pa_color-rood","15":"pa_color-rojo-nl","16":"pa_talla-hoog-1","17":"yith_product_brand-satisfyer","18":"yith_product_brand-satisfyer-luchtpuls","20":"first","21":"instock","22":"taxable","23":"shipping-taxable","24":"purchasable","25":"product-type-variable","26":"has-default-attributes"},"yoast_head":"<!-- This site is optimized with the Yoast SEO plugin v27.4 - https:\/\/yoast.com\/product\/yoast-seo-wordpress\/ -->\n<title>Satisfyer - Curvy Trinity 1 Air Puls Vibrator - 2Touch<\/title>\n<meta name=\"robots\" content=\"index, follow, max-snippet:-1, max-image-preview:large, max-video-preview:-1\" \/>\n<link rel=\"canonical\" href=\"https:\/\/2touch.shop\/nl\/product\/satisfyer-curvy-trinity-1-air-pulse-vibrator\/\" \/>\n<meta property=\"og:locale\" content=\"nl_NL\" \/>\n<meta property=\"og:type\" content=\"article\" \/>\n<meta property=\"og:title\" content=\"Satisfyer - Curvy Trinity 1 Air Puls Vibrator - 2Touch\" \/>\n<meta property=\"og:description\" content=\"Curvy Trinity 1 - E\u00e9n speeltje - eindeloze mogelijkheden. De Curvy Trinity 1 is je ultieme alles-in-\u00e9\u00e9n genotsspeeltje: luchtdrukstimulatie, clitorale vibraties en diepe G-spot verwennerij - alles in \u00e9\u00e9n onweerstaanbaar ontwerp. Of je nu verlangt naar zachte strelingen of intense sensaties, deze krachtpatser past zich aan je stemming aan. Je kunt mixen en matchen voor je perfecte climax. Perfect voor zorgeloze, intieme zelfzorg.\" \/>\n<meta property=\"og:url\" content=\"https:\/\/2touch.shop\/nl\/product\/satisfyer-curvy-trinity-1-air-pulse-vibrator\/\" \/>\n<meta property=\"og:site_name\" content=\"2Touch\" \/>\n<meta property=\"article:modified_time\" content=\"2025-07-01T19:29:46+00:00\" \/>\n<meta property=\"og:image\" content=\"https:\/\/2touch.shop\/wp-content\/uploads\/dream\/img\/img_146213_93cdb95b7de3562aa3abcd9b6c1d41b1_1.jpg\" \/>\n\t<meta property=\"og:image:width\" content=\"800\" \/>\n\t<meta property=\"og:image:height\" content=\"800\" \/>\n\t<meta property=\"og:image:type\" content=\"image\/jpeg\" \/>\n<meta name=\"twitter:card\" content=\"summary_large_image\" \/>\n<meta name=\"twitter:label1\" content=\"Geschatte leestijd\" \/>\n\t<meta name=\"twitter:data1\" content=\"1 minuut\" \/>\n<script type=\"application\/ld+json\" class=\"yoast-schema-graph\">{\"@context\":\"https:\\\/\\\/schema.org\",\"@graph\":[{\"@type\":\"WebPage\",\"@id\":\"https:\\\/\\\/2touch.shop\\\/nl\\\/product\\\/satisfyer-curvy-trinity-1-air-pulse-vibrator\\\/\",\"url\":\"https:\\\/\\\/2touch.shop\\\/nl\\\/product\\\/satisfyer-curvy-trinity-1-air-pulse-vibrator\\\/\",\"name\":\"Satisfyer - Curvy Trinity 1 Air Puls Vibrator - 2Touch\",\"isPartOf\":{\"@id\":\"https:\\\/\\\/2touch.shop\\\/nl\\\/#website\"},\"primaryImageOfPage\":{\"@id\":\"https:\\\/\\\/2touch.shop\\\/nl\\\/product\\\/satisfyer-curvy-trinity-1-air-pulse-vibrator\\\/#primaryimage\"},\"image\":{\"@id\":\"https:\\\/\\\/2touch.shop\\\/nl\\\/product\\\/satisfyer-curvy-trinity-1-air-pulse-vibrator\\\/#primaryimage\"},\"thumbnailUrl\":\"https:\\\/\\\/2touch.shop\\\/wp-content\\\/uploads\\\/dream\\\/img\\\/img_146213_93cdb95b7de3562aa3abcd9b6c1d41b1_1.jpg\",\"datePublished\":\"2025-02-05T14:52:24+00:00\",\"dateModified\":\"2025-07-01T19:29:46+00:00\",\"breadcrumb\":{\"@id\":\"https:\\\/\\\/2touch.shop\\\/nl\\\/product\\\/satisfyer-curvy-trinity-1-air-pulse-vibrator\\\/#breadcrumb\"},\"inLanguage\":\"nl-NL\",\"potentialAction\":[{\"@type\":\"ReadAction\",\"target\":[\"https:\\\/\\\/2touch.shop\\\/nl\\\/product\\\/satisfyer-curvy-trinity-1-air-pulse-vibrator\\\/\"]}]},{\"@type\":\"ImageObject\",\"inLanguage\":\"nl-NL\",\"@id\":\"https:\\\/\\\/2touch.shop\\\/nl\\\/product\\\/satisfyer-curvy-trinity-1-air-pulse-vibrator\\\/#primaryimage\",\"url\":\"https:\\\/\\\/2touch.shop\\\/wp-content\\\/uploads\\\/dream\\\/img\\\/img_146213_93cdb95b7de3562aa3abcd9b6c1d41b1_1.jpg\",\"contentUrl\":\"https:\\\/\\\/2touch.shop\\\/wp-content\\\/uploads\\\/dream\\\/img\\\/img_146213_93cdb95b7de3562aa3abcd9b6c1d41b1_1.jpg\",\"width\":800,\"height\":800},{\"@type\":\"BreadcrumbList\",\"@id\":\"https:\\\/\\\/2touch.shop\\\/nl\\\/product\\\/satisfyer-curvy-trinity-1-air-pulse-vibrator\\\/#breadcrumb\",\"itemListElement\":[{\"@type\":\"ListItem\",\"position\":1,\"name\":\"Home\",\"item\":\"https:\\\/\\\/2touch.shop\\\/nl\\\/\"},{\"@type\":\"ListItem\",\"position\":2,\"name\":\"Winkel\",\"item\":\"https:\\\/\\\/2touch.shop\\\/nl\\\/winkel-2\\\/\"},{\"@type\":\"ListItem\",\"position\":3,\"name\":\"Satisfyer &#8211; Curvy Trinity 1 Air Puls Vibrator\"}]},{\"@type\":\"WebSite\",\"@id\":\"https:\\\/\\\/2touch.shop\\\/nl\\\/#website\",\"url\":\"https:\\\/\\\/2touch.shop\\\/nl\\\/\",\"name\":\"2Touch\",\"description\":\"Where sexual wellness and pleasure meet\",\"publisher\":{\"@id\":\"https:\\\/\\\/2touch.shop\\\/nl\\\/#organization\"},\"potentialAction\":[{\"@type\":\"SearchAction\",\"target\":{\"@type\":\"EntryPoint\",\"urlTemplate\":\"https:\\\/\\\/2touch.shop\\\/nl\\\/?s={search_term_string}\"},\"query-input\":{\"@type\":\"PropertyValueSpecification\",\"valueRequired\":true,\"valueName\":\"search_term_string\"}}],\"inLanguage\":\"nl-NL\"},{\"@type\":\"Organization\",\"@id\":\"https:\\\/\\\/2touch.shop\\\/nl\\\/#organization\",\"name\":\"2Touch\",\"url\":\"https:\\\/\\\/2touch.shop\\\/nl\\\/\",\"logo\":{\"@type\":\"ImageObject\",\"inLanguage\":\"nl-NL\",\"@id\":\"https:\\\/\\\/2touch.shop\\\/nl\\\/#\\\/schema\\\/logo\\\/image\\\/\",\"url\":\"https:\\\/\\\/2touch.shop\\\/wp-content\\\/uploads\\\/2025\\\/04\\\/logo-2touch-english-scaled.png\",\"contentUrl\":\"https:\\\/\\\/2touch.shop\\\/wp-content\\\/uploads\\\/2025\\\/04\\\/logo-2touch-english-scaled.png\",\"width\":2048,\"height\":701,\"caption\":\"2Touch\"},\"image\":{\"@id\":\"https:\\\/\\\/2touch.shop\\\/nl\\\/#\\\/schema\\\/logo\\\/image\\\/\"}}]}<\/script>\n<!-- \/ Yoast SEO plugin. -->","yoast_head_json":{"title":"Satisfyer - Curvy Trinity 1 Air Puls Vibrator - 2Touch","robots":{"index":"index","follow":"follow","max-snippet":"max-snippet:-1","max-image-preview":"max-image-preview:large","max-video-preview":"max-video-preview:-1"},"canonical":"https:\/\/2touch.shop\/nl\/product\/satisfyer-curvy-trinity-1-air-pulse-vibrator\/","og_locale":"nl_NL","og_type":"article","og_title":"Satisfyer - Curvy Trinity 1 Air Puls Vibrator - 2Touch","og_description":"Curvy Trinity 1 - E\u00e9n speeltje - eindeloze mogelijkheden. De Curvy Trinity 1 is je ultieme alles-in-\u00e9\u00e9n genotsspeeltje: luchtdrukstimulatie, clitorale vibraties en diepe G-spot verwennerij - alles in \u00e9\u00e9n onweerstaanbaar ontwerp. Of je nu verlangt naar zachte strelingen of intense sensaties, deze krachtpatser past zich aan je stemming aan. Je kunt mixen en matchen voor je perfecte climax. Perfect voor zorgeloze, intieme zelfzorg.","og_url":"https:\/\/2touch.shop\/nl\/product\/satisfyer-curvy-trinity-1-air-pulse-vibrator\/","og_site_name":"2Touch","article_modified_time":"2025-07-01T19:29:46+00:00","og_image":[{"width":800,"height":800,"url":"https:\/\/2touch.shop\/wp-content\/uploads\/dream\/img\/img_146213_93cdb95b7de3562aa3abcd9b6c1d41b1_1.jpg","type":"image\/jpeg"}],"twitter_card":"summary_large_image","twitter_misc":{"Geschatte leestijd":"1 minuut"},"schema":{"@context":"https:\/\/schema.org","@graph":[{"@type":"WebPage","@id":"https:\/\/2touch.shop\/nl\/product\/satisfyer-curvy-trinity-1-air-pulse-vibrator\/","url":"https:\/\/2touch.shop\/nl\/product\/satisfyer-curvy-trinity-1-air-pulse-vibrator\/","name":"Satisfyer - Curvy Trinity 1 Air Puls Vibrator - 2Touch","isPartOf":{"@id":"https:\/\/2touch.shop\/nl\/#website"},"primaryImageOfPage":{"@id":"https:\/\/2touch.shop\/nl\/product\/satisfyer-curvy-trinity-1-air-pulse-vibrator\/#primaryimage"},"image":{"@id":"https:\/\/2touch.shop\/nl\/product\/satisfyer-curvy-trinity-1-air-pulse-vibrator\/#primaryimage"},"thumbnailUrl":"https:\/\/2touch.shop\/wp-content\/uploads\/dream\/img\/img_146213_93cdb95b7de3562aa3abcd9b6c1d41b1_1.jpg","datePublished":"2025-02-05T14:52:24+00:00","dateModified":"2025-07-01T19:29:46+00:00","breadcrumb":{"@id":"https:\/\/2touch.shop\/nl\/product\/satisfyer-curvy-trinity-1-air-pulse-vibrator\/#breadcrumb"},"inLanguage":"nl-NL","potentialAction":[{"@type":"ReadAction","target":["https:\/\/2touch.shop\/nl\/product\/satisfyer-curvy-trinity-1-air-pulse-vibrator\/"]}]},{"@type":"ImageObject","inLanguage":"nl-NL","@id":"https:\/\/2touch.shop\/nl\/product\/satisfyer-curvy-trinity-1-air-pulse-vibrator\/#primaryimage","url":"https:\/\/2touch.shop\/wp-content\/uploads\/dream\/img\/img_146213_93cdb95b7de3562aa3abcd9b6c1d41b1_1.jpg","contentUrl":"https:\/\/2touch.shop\/wp-content\/uploads\/dream\/img\/img_146213_93cdb95b7de3562aa3abcd9b6c1d41b1_1.jpg","width":800,"height":800},{"@type":"BreadcrumbList","@id":"https:\/\/2touch.shop\/nl\/product\/satisfyer-curvy-trinity-1-air-pulse-vibrator\/#breadcrumb","itemListElement":[{"@type":"ListItem","position":1,"name":"Home","item":"https:\/\/2touch.shop\/nl\/"},{"@type":"ListItem","position":2,"name":"Winkel","item":"https:\/\/2touch.shop\/nl\/winkel-2\/"},{"@type":"ListItem","position":3,"name":"Satisfyer &#8211; Curvy Trinity 1 Air Puls Vibrator"}]},{"@type":"WebSite","@id":"https:\/\/2touch.shop\/nl\/#website","url":"https:\/\/2touch.shop\/nl\/","name":"2Touch","description":"Where sexual wellness and pleasure meet","publisher":{"@id":"https:\/\/2touch.shop\/nl\/#organization"},"potentialAction":[{"@type":"SearchAction","target":{"@type":"EntryPoint","urlTemplate":"https:\/\/2touch.shop\/nl\/?s={search_term_string}"},"query-input":{"@type":"PropertyValueSpecification","valueRequired":true,"valueName":"search_term_string"}}],"inLanguage":"nl-NL"},{"@type":"Organization","@id":"https:\/\/2touch.shop\/nl\/#organization","name":"2Touch","url":"https:\/\/2touch.shop\/nl\/","logo":{"@type":"ImageObject","inLanguage":"nl-NL","@id":"https:\/\/2touch.shop\/nl\/#\/schema\/logo\/image\/","url":"https:\/\/2touch.shop\/wp-content\/uploads\/2025\/04\/logo-2touch-english-scaled.png","contentUrl":"https:\/\/2touch.shop\/wp-content\/uploads\/2025\/04\/logo-2touch-english-scaled.png","width":2048,"height":701,"caption":"2Touch"},"image":{"@id":"https:\/\/2touch.shop\/nl\/#\/schema\/logo\/image\/"}}]}},"_links":{"self":[{"href":"https:\/\/2touch.shop\/nl\/wp-json\/wp\/v2\/product\/76550","targetHints":{"allow":["GET"]}}],"collection":[{"href":"https:\/\/2touch.shop\/nl\/wp-json\/wp\/v2\/product"}],"about":[{"href":"https:\/\/2touch.shop\/nl\/wp-json\/wp\/v2\/types\/product"}],"wp:featuredmedia":[{"embeddable":true,"href":"https:\/\/2touch.shop\/nl\/wp-json\/wp\/v2\/media\/91990"}],"wp:attachment":[{"href":"https:\/\/2touch.shop\/nl\/wp-json\/wp\/v2\/media?parent=76550"}],"wp:term":[{"taxonomy":"product_brand","embeddable":true,"href":"https:\/\/2touch.shop\/nl\/wp-json\/wp\/v2\/product_brand?post=76550"},{"taxonomy":"product_cat","embeddable":true,"href":"https:\/\/2touch.shop\/nl\/wp-json\/wp\/v2\/product_cat?post=76550"},{"taxonomy":"product_tag","embeddable":true,"href":"https:\/\/2touch.shop\/nl\/wp-json\/wp\/v2\/product_tag?post=76550"}],"curies":[{"name":"wp","href":"https:\/\/api.w.org\/{rel}","templated":true}]}}