{"id":100224,"date":"2025-06-16T12:02:23","date_gmt":"2025-06-16T10:02:23","guid":{"rendered":"https:\/\/2touch.proper.media\/product\/we-vibe-nova-3-rabbit-vibrator-midnight-blue\/"},"modified":"2026-04-15T00:18:36","modified_gmt":"2026-04-14T22:18:36","slug":"we-vibe-nova-3-rabbit-vibrator-midnight-blue-2","status":"publish","type":"product","link":"https:\/\/2touch.shop\/nl\/product\/we-vibe-nova-3-rabbit-vibrator-midnight-blue-2\/","title":{"rendered":"We-vibe \u2013 Nova 3 Rabbit Vibrator Midnight Blue"},"content":{"rendered":"<p>Ga verder dan de klassieke konijnenvibrator in deze verleidelijke nachtblauwe kleur!<\/p>\n<p>De onlangs verbeterde Nova van We-Vibe heeft twee motoren: \u00e9\u00e9n voor interne stimulatie van de G-spot en \u00e9\u00e9n voor externe stimulatie van de clitoris. Samen werken de twee stimulatoren om een bevredigend en stimulerend gecombineerd orgasme te cre\u00ebren dat je nooit zult vergeten! In combinatie met zijn slimme ergonomische handgreep buigt de Nova met elke beweging mee en maakt hij &#8220;me-time&#8221; aangenamer. Gemakkelijker voor de polsen van de gebruiker.   <\/p>\n<p>Met incrementele cruise control op de bestuurdersstoel kunt u genieten van een persoonlijke ervaring die alleen u of uw partner kan cre\u00ebren. Veel plezier met je partners terwijl ze je aanraken, plagen en opwinden door verbinding te maken met de We-Connect-app en het speeltje van dichtbij of veraf te bedienen. <\/p>\n<p>Het naadloze ontwerp van dit product is gemaakt van hoogwaardig siliconenmateriaal en zorgt voor een zijdezachte aanraking wanneer het in contact komt met de huid. Wees niet bang om de Nova mee te nemen naar het bad voor een verleidelijk bad, want hij is IPX7 waterdicht. <\/p>\n<p>Wanneer de Nova moet worden opgeladen, klikt u de magnetische oplaadpoort op zijn plaats en laat u hem rusten voor de volgende sexy sessie.<\/p>\n<p><strong>Belangrijkste kenmerken:<\/strong><\/p>\n<ul>\n<li>Konijn vibrator<\/li>\n<li>Dubbele motor voor interne G-spot en externe stimulatie van de clitoris<\/li>\n<li>Buigt mee met elke beweging<\/li>\n<li>Ergonomisch handvat<\/li>\n<li>Incrementele snelheidsregeling<\/li>\n<li>Premium siliconen materiaal<\/li>\n<li>IPX7 waterdicht<\/li>\n<li>USB oplaadbaar magnetisch opladen<\/li>\n<li>We-Connect App-connectiviteit<\/li>\n<\/ul>\n","protected":false},"excerpt":{"rendered":"<p>WE-VIBE \u2013 NOVA 3 RABBIT VIBRATOR MIDDERNACHT BLAUW<\/p>\n","protected":false},"featured_media":98682,"template":"","meta":{"_et_pb_use_builder":"","_et_pb_old_content":"","_et_gb_content_width":"","bwfblock_default_font":""},"product_brand":[],"product_cat":[1476],"product_tag":[],"class_list":{"0":"post-100224","1":"product","2":"type-product","3":"status-publish","4":"has-post-thumbnail","6":"product_cat-ongecategoriseerd","7":"product_shipping_class-dreamlove-shipping-nl","8":"yith_product_brand-we-vibe","10":"first","11":"instock","12":"taxable","13":"shipping-taxable","14":"purchasable","15":"product-type-simple"},"yoast_head":"<!-- This site is optimized with the Yoast SEO plugin v27.4 - https:\/\/yoast.com\/product\/yoast-seo-wordpress\/ -->\n<title>We-vibe \u2013 Nova 3 Rabbit Vibrator Midnight Blue - 2Touch<\/title>\n<meta name=\"robots\" content=\"index, follow, max-snippet:-1, max-image-preview:large, max-video-preview:-1\" \/>\n<link rel=\"canonical\" href=\"https:\/\/2touch.shop\/nl\/product\/we-vibe-nova-3-rabbit-vibrator-midnight-blue-2\/\" \/>\n<meta property=\"og:locale\" content=\"nl_NL\" \/>\n<meta property=\"og:type\" content=\"article\" \/>\n<meta property=\"og:title\" content=\"We-vibe \u2013 Nova 3 Rabbit Vibrator Midnight Blue - 2Touch\" \/>\n<meta property=\"og:description\" content=\"WE-VIBE - NOVA 3 RABBIT VIBRATOR MIDDERNACHT BLAUW\" \/>\n<meta property=\"og:url\" content=\"https:\/\/2touch.shop\/nl\/product\/we-vibe-nova-3-rabbit-vibrator-midnight-blue-2\/\" \/>\n<meta property=\"og:site_name\" content=\"2Touch\" \/>\n<meta property=\"article:modified_time\" content=\"2026-04-14T22:18:36+00:00\" \/>\n<meta property=\"og:image\" content=\"https:\/\/2touch.shop\/wp-content\/uploads\/dream\/img\/img_210619_5a0016f93e912d5d639ca7ce6c5cc1f2_1.png\" \/>\n\t<meta property=\"og:image:width\" content=\"900\" \/>\n\t<meta property=\"og:image:height\" content=\"900\" \/>\n\t<meta property=\"og:image:type\" content=\"image\/png\" \/>\n<meta name=\"twitter:card\" content=\"summary_large_image\" \/>\n<meta name=\"twitter:label1\" content=\"Geschatte leestijd\" \/>\n\t<meta name=\"twitter:data1\" content=\"1 minuut\" \/>\n<script type=\"application\/ld+json\" class=\"yoast-schema-graph\">{\"@context\":\"https:\\\/\\\/schema.org\",\"@graph\":[{\"@type\":\"WebPage\",\"@id\":\"https:\\\/\\\/2touch.shop\\\/nl\\\/product\\\/we-vibe-nova-3-rabbit-vibrator-midnight-blue-2\\\/\",\"url\":\"https:\\\/\\\/2touch.shop\\\/nl\\\/product\\\/we-vibe-nova-3-rabbit-vibrator-midnight-blue-2\\\/\",\"name\":\"We-vibe \u2013 Nova 3 Rabbit Vibrator Midnight Blue - 2Touch\",\"isPartOf\":{\"@id\":\"https:\\\/\\\/2touch.shop\\\/nl\\\/#website\"},\"primaryImageOfPage\":{\"@id\":\"https:\\\/\\\/2touch.shop\\\/nl\\\/product\\\/we-vibe-nova-3-rabbit-vibrator-midnight-blue-2\\\/#primaryimage\"},\"image\":{\"@id\":\"https:\\\/\\\/2touch.shop\\\/nl\\\/product\\\/we-vibe-nova-3-rabbit-vibrator-midnight-blue-2\\\/#primaryimage\"},\"thumbnailUrl\":\"https:\\\/\\\/2touch.shop\\\/wp-content\\\/uploads\\\/dream\\\/img\\\/img_210619_5a0016f93e912d5d639ca7ce6c5cc1f2_1.png\",\"datePublished\":\"2025-06-16T10:02:23+00:00\",\"dateModified\":\"2026-04-14T22:18:36+00:00\",\"breadcrumb\":{\"@id\":\"https:\\\/\\\/2touch.shop\\\/nl\\\/product\\\/we-vibe-nova-3-rabbit-vibrator-midnight-blue-2\\\/#breadcrumb\"},\"inLanguage\":\"nl-NL\",\"potentialAction\":[{\"@type\":\"ReadAction\",\"target\":[\"https:\\\/\\\/2touch.shop\\\/nl\\\/product\\\/we-vibe-nova-3-rabbit-vibrator-midnight-blue-2\\\/\"]}]},{\"@type\":\"ImageObject\",\"inLanguage\":\"nl-NL\",\"@id\":\"https:\\\/\\\/2touch.shop\\\/nl\\\/product\\\/we-vibe-nova-3-rabbit-vibrator-midnight-blue-2\\\/#primaryimage\",\"url\":\"https:\\\/\\\/2touch.shop\\\/wp-content\\\/uploads\\\/dream\\\/img\\\/img_210619_5a0016f93e912d5d639ca7ce6c5cc1f2_1.png\",\"contentUrl\":\"https:\\\/\\\/2touch.shop\\\/wp-content\\\/uploads\\\/dream\\\/img\\\/img_210619_5a0016f93e912d5d639ca7ce6c5cc1f2_1.png\",\"width\":900,\"height\":900},{\"@type\":\"BreadcrumbList\",\"@id\":\"https:\\\/\\\/2touch.shop\\\/nl\\\/product\\\/we-vibe-nova-3-rabbit-vibrator-midnight-blue-2\\\/#breadcrumb\",\"itemListElement\":[{\"@type\":\"ListItem\",\"position\":1,\"name\":\"Home\",\"item\":\"https:\\\/\\\/2touch.shop\\\/nl\\\/\"},{\"@type\":\"ListItem\",\"position\":2,\"name\":\"Winkel\",\"item\":\"https:\\\/\\\/2touch.shop\\\/nl\\\/winkel-2\\\/\"},{\"@type\":\"ListItem\",\"position\":3,\"name\":\"We-vibe \u2013 Nova 3 Rabbit Vibrator Midnight Blue\"}]},{\"@type\":\"WebSite\",\"@id\":\"https:\\\/\\\/2touch.shop\\\/nl\\\/#website\",\"url\":\"https:\\\/\\\/2touch.shop\\\/nl\\\/\",\"name\":\"2Touch\",\"description\":\"Where sexual wellness and pleasure meet\",\"publisher\":{\"@id\":\"https:\\\/\\\/2touch.shop\\\/nl\\\/#organization\"},\"potentialAction\":[{\"@type\":\"SearchAction\",\"target\":{\"@type\":\"EntryPoint\",\"urlTemplate\":\"https:\\\/\\\/2touch.shop\\\/nl\\\/?s={search_term_string}\"},\"query-input\":{\"@type\":\"PropertyValueSpecification\",\"valueRequired\":true,\"valueName\":\"search_term_string\"}}],\"inLanguage\":\"nl-NL\"},{\"@type\":\"Organization\",\"@id\":\"https:\\\/\\\/2touch.shop\\\/nl\\\/#organization\",\"name\":\"2Touch\",\"url\":\"https:\\\/\\\/2touch.shop\\\/nl\\\/\",\"logo\":{\"@type\":\"ImageObject\",\"inLanguage\":\"nl-NL\",\"@id\":\"https:\\\/\\\/2touch.shop\\\/nl\\\/#\\\/schema\\\/logo\\\/image\\\/\",\"url\":\"https:\\\/\\\/2touch.shop\\\/wp-content\\\/uploads\\\/2025\\\/04\\\/logo-2touch-english-scaled.png\",\"contentUrl\":\"https:\\\/\\\/2touch.shop\\\/wp-content\\\/uploads\\\/2025\\\/04\\\/logo-2touch-english-scaled.png\",\"width\":2048,\"height\":701,\"caption\":\"2Touch\"},\"image\":{\"@id\":\"https:\\\/\\\/2touch.shop\\\/nl\\\/#\\\/schema\\\/logo\\\/image\\\/\"}}]}<\/script>\n<!-- \/ Yoast SEO plugin. -->","yoast_head_json":{"title":"We-vibe \u2013 Nova 3 Rabbit Vibrator Midnight Blue - 2Touch","robots":{"index":"index","follow":"follow","max-snippet":"max-snippet:-1","max-image-preview":"max-image-preview:large","max-video-preview":"max-video-preview:-1"},"canonical":"https:\/\/2touch.shop\/nl\/product\/we-vibe-nova-3-rabbit-vibrator-midnight-blue-2\/","og_locale":"nl_NL","og_type":"article","og_title":"We-vibe \u2013 Nova 3 Rabbit Vibrator Midnight Blue - 2Touch","og_description":"WE-VIBE - NOVA 3 RABBIT VIBRATOR MIDDERNACHT BLAUW","og_url":"https:\/\/2touch.shop\/nl\/product\/we-vibe-nova-3-rabbit-vibrator-midnight-blue-2\/","og_site_name":"2Touch","article_modified_time":"2026-04-14T22:18:36+00:00","og_image":[{"width":900,"height":900,"url":"https:\/\/2touch.shop\/wp-content\/uploads\/dream\/img\/img_210619_5a0016f93e912d5d639ca7ce6c5cc1f2_1.png","type":"image\/png"}],"twitter_card":"summary_large_image","twitter_misc":{"Geschatte leestijd":"1 minuut"},"schema":{"@context":"https:\/\/schema.org","@graph":[{"@type":"WebPage","@id":"https:\/\/2touch.shop\/nl\/product\/we-vibe-nova-3-rabbit-vibrator-midnight-blue-2\/","url":"https:\/\/2touch.shop\/nl\/product\/we-vibe-nova-3-rabbit-vibrator-midnight-blue-2\/","name":"We-vibe \u2013 Nova 3 Rabbit Vibrator Midnight Blue - 2Touch","isPartOf":{"@id":"https:\/\/2touch.shop\/nl\/#website"},"primaryImageOfPage":{"@id":"https:\/\/2touch.shop\/nl\/product\/we-vibe-nova-3-rabbit-vibrator-midnight-blue-2\/#primaryimage"},"image":{"@id":"https:\/\/2touch.shop\/nl\/product\/we-vibe-nova-3-rabbit-vibrator-midnight-blue-2\/#primaryimage"},"thumbnailUrl":"https:\/\/2touch.shop\/wp-content\/uploads\/dream\/img\/img_210619_5a0016f93e912d5d639ca7ce6c5cc1f2_1.png","datePublished":"2025-06-16T10:02:23+00:00","dateModified":"2026-04-14T22:18:36+00:00","breadcrumb":{"@id":"https:\/\/2touch.shop\/nl\/product\/we-vibe-nova-3-rabbit-vibrator-midnight-blue-2\/#breadcrumb"},"inLanguage":"nl-NL","potentialAction":[{"@type":"ReadAction","target":["https:\/\/2touch.shop\/nl\/product\/we-vibe-nova-3-rabbit-vibrator-midnight-blue-2\/"]}]},{"@type":"ImageObject","inLanguage":"nl-NL","@id":"https:\/\/2touch.shop\/nl\/product\/we-vibe-nova-3-rabbit-vibrator-midnight-blue-2\/#primaryimage","url":"https:\/\/2touch.shop\/wp-content\/uploads\/dream\/img\/img_210619_5a0016f93e912d5d639ca7ce6c5cc1f2_1.png","contentUrl":"https:\/\/2touch.shop\/wp-content\/uploads\/dream\/img\/img_210619_5a0016f93e912d5d639ca7ce6c5cc1f2_1.png","width":900,"height":900},{"@type":"BreadcrumbList","@id":"https:\/\/2touch.shop\/nl\/product\/we-vibe-nova-3-rabbit-vibrator-midnight-blue-2\/#breadcrumb","itemListElement":[{"@type":"ListItem","position":1,"name":"Home","item":"https:\/\/2touch.shop\/nl\/"},{"@type":"ListItem","position":2,"name":"Winkel","item":"https:\/\/2touch.shop\/nl\/winkel-2\/"},{"@type":"ListItem","position":3,"name":"We-vibe \u2013 Nova 3 Rabbit Vibrator Midnight Blue"}]},{"@type":"WebSite","@id":"https:\/\/2touch.shop\/nl\/#website","url":"https:\/\/2touch.shop\/nl\/","name":"2Touch","description":"Where sexual wellness and pleasure meet","publisher":{"@id":"https:\/\/2touch.shop\/nl\/#organization"},"potentialAction":[{"@type":"SearchAction","target":{"@type":"EntryPoint","urlTemplate":"https:\/\/2touch.shop\/nl\/?s={search_term_string}"},"query-input":{"@type":"PropertyValueSpecification","valueRequired":true,"valueName":"search_term_string"}}],"inLanguage":"nl-NL"},{"@type":"Organization","@id":"https:\/\/2touch.shop\/nl\/#organization","name":"2Touch","url":"https:\/\/2touch.shop\/nl\/","logo":{"@type":"ImageObject","inLanguage":"nl-NL","@id":"https:\/\/2touch.shop\/nl\/#\/schema\/logo\/image\/","url":"https:\/\/2touch.shop\/wp-content\/uploads\/2025\/04\/logo-2touch-english-scaled.png","contentUrl":"https:\/\/2touch.shop\/wp-content\/uploads\/2025\/04\/logo-2touch-english-scaled.png","width":2048,"height":701,"caption":"2Touch"},"image":{"@id":"https:\/\/2touch.shop\/nl\/#\/schema\/logo\/image\/"}}]}},"_links":{"self":[{"href":"https:\/\/2touch.shop\/nl\/wp-json\/wp\/v2\/product\/100224","targetHints":{"allow":["GET"]}}],"collection":[{"href":"https:\/\/2touch.shop\/nl\/wp-json\/wp\/v2\/product"}],"about":[{"href":"https:\/\/2touch.shop\/nl\/wp-json\/wp\/v2\/types\/product"}],"wp:featuredmedia":[{"embeddable":true,"href":"https:\/\/2touch.shop\/nl\/wp-json\/wp\/v2\/media\/98682"}],"wp:attachment":[{"href":"https:\/\/2touch.shop\/nl\/wp-json\/wp\/v2\/media?parent=100224"}],"wp:term":[{"taxonomy":"product_brand","embeddable":true,"href":"https:\/\/2touch.shop\/nl\/wp-json\/wp\/v2\/product_brand?post=100224"},{"taxonomy":"product_cat","embeddable":true,"href":"https:\/\/2touch.shop\/nl\/wp-json\/wp\/v2\/product_cat?post=100224"},{"taxonomy":"product_tag","embeddable":true,"href":"https:\/\/2touch.shop\/nl\/wp-json\/wp\/v2\/product_tag?post=100224"}],"curies":[{"name":"wp","href":"https:\/\/api.w.org\/{rel}","templated":true}]}}